{"id":8,"date":"2016-06-07T22:01:40","date_gmt":"2016-06-07T19:01:40","guid":{"rendered":"http:\/\/www.kirnapciunal.com\/?page_id=8"},"modified":"2020-01-07T20:41:37","modified_gmt":"2020-01-07T17:41:37","slug":"iletisim","status":"publish","type":"page","link":"https:\/\/www.kirnapciunal.com\/pl\/iletisim\/","title":{"rendered":"Kontakt"},"content":{"rendered":"<p><\/p>\n<section class=\"content-area bg1\" data-topspace=\"0\" data-btmspace=\"0\">\n<div class=\"mapOuter\">\n<div class=\"googleMap\" data-location=\"G\u00fcrsel Mahallesi,Burcu Sokak,No:8,Ka\u011f\u0131thane,\u0130stanbul\" data-height=\"450\" data-offset=\"0\"><\/div>\n<div class=\"addressBox text-center\">\n<dl>\n<dt>LOKACJA<\/dt>\n<dd>G\u00fcrsel Mahallesi Ka\u011f\u0131thane Caddesi No:116 H\u00fcnkar \u0130\u015f Merkezi Kat:3<br \/>\nKa\u011f\u0131thane\/\u0130stanbul\n        <\/dd>\n<dt>G\u0141OSKA<\/dt>\n<dd>+90(850) 888 8 549<\/dd>\n<dt>EMAIL<\/dt>\n<dd><a href=\"mailto:info@kirnapciunal.com\">info@kirnapciunal.com<\/a><\/dd>\n<\/dl><\/div>\n<\/p><\/div>\n<\/section>\n<hr>\n<p><div role=\"form\" class=\"wpcf7\" id=\"wpcf7-f90-o3\" lang=\"tr-TR\" dir=\"ltr\">\n<div class=\"screen-reader-response\"><p role=\"status\" aria-live=\"polite\" aria-atomic=\"true\"><\/p> <ul><\/ul><\/div>\n<form action=\"\/pl\/wp-json\/wp\/v2\/pages\/8#wpcf7-f90-o3\" method=\"post\" class=\"wpcf7-form init\" novalidate=\"novalidate\" data-status=\"init\">\n<div style=\"display: none;\">\n<input type=\"hidden\" name=\"_wpcf7\" value=\"90\" \/>\n<input type=\"hidden\" name=\"_wpcf7_version\" value=\"5.5.3\" \/>\n<input type=\"hidden\" name=\"_wpcf7_locale\" value=\"tr_TR\" \/>\n<input type=\"hidden\" name=\"_wpcf7_unit_tag\" value=\"wpcf7-f90-o3\" \/>\n<input type=\"hidden\" name=\"_wpcf7_container_post\" value=\"0\" \/>\n<input type=\"hidden\" name=\"_wpcf7_posted_data_hash\" value=\"\" \/>\n<\/div>\n<div class=\"col-md-4\">\n<div class=\"form-group\">\n                <label class=\"control-label\">IMI\u0118-NAZWISKO<span>(wymagany)<\/span><\/label><br \/>\n    <span class=\"wpcf7-form-control-wrap your-name\"><input type=\"text\" name=\"your-name\" value=\"\" size=\"40\" class=\"wpcf7-form-control wpcf7-text wpcf7-validates-as-required form-control\" aria-required=\"true\" aria-invalid=\"false\" \/><\/span>\n<\/div>\n<div class=\"form-group\">\n                <label class=\"control-label\">EMAIL <span>(wymagany)<\/span><\/label><br \/>\n    <span class=\"wpcf7-form-control-wrap your-email\"><input type=\"email\" name=\"your-email\" value=\"\" size=\"40\" class=\"wpcf7-form-control wpcf7-text wpcf7-email wpcf7-validates-as-required wpcf7-validates-as-email form-control\" aria-required=\"true\" aria-invalid=\"false\" \/><\/span>\n<\/div>\n<div class=\"form-group\">\n                <label class=\"control-label\">TEMAT<\/label><br \/>\n    <span class=\"wpcf7-form-control-wrap your-subject\"><input type=\"text\" name=\"your-subject\" value=\"\" size=\"40\" class=\"wpcf7-form-control wpcf7-text form-control\" aria-invalid=\"false\" \/><\/span>\n<\/div>\n<\/div>\n<div class=\"col-md-8\">\n<div class=\"form-group\">\n                <label class=\"control-label\">TWOJA WIADOMO\u015a\u0106 <span>(wymagany)<\/span><\/label><br \/>\n    <span class=\"wpcf7-form-control-wrap your-message\"><textarea name=\"your-message\" cols=\"40\" rows=\"10\" class=\"wpcf7-form-control wpcf7-textarea wpcf7-validates-as-required form-control\" aria-required=\"true\" aria-invalid=\"false\"><\/textarea><\/span>\n<\/div>\n<div class=\"text-right\">\n<p><input type=\"submit\" value=\"Przedk\u0142ada\u0107\" class=\"wpcf7-form-control has-spinner wpcf7-submit btn btn-primary\" \/>\n<\/p><\/div>\n<\/div>\n<p style=\"display: none !important;\"><label>&#916;<textarea name=\"_wpcf7_ak_hp_textarea\" cols=\"45\" rows=\"8\" maxlength=\"100\"><\/textarea><\/label><input type=\"hidden\" id=\"ak_js\" name=\"_wpcf7_ak_js\" value=\"232\"\/><script>document.getElementById( \"ak_js\" ).setAttribute( \"value\", ( new Date() ).getTime() );<\/script><\/p><div class=\"wpcf7-response-output\" aria-hidden=\"true\"><\/div><\/form><\/div><\/p>","protected":false},"excerpt":{"rendered":"<p>LOKACJA G\u00fcrsel Mahallesi Ka\u011f\u0131thane Caddesi No:116 H\u00fcnkar \u0130\u015f Merkezi Kat:3 Ka\u011f\u0131thane\/\u0130stanbul G\u0141OSKA +90(850) 888 8 549 EMAIL info@kirnapciunal.com<\/p>\n","protected":false},"author":1,"featured_media":0,"parent":0,"menu_order":0,"comment_status":"closed","ping_status":"closed","template":"","meta":[],"_links":{"self":[{"href":"https:\/\/www.kirnapciunal.com\/pl\/wp-json\/wp\/v2\/pages\/8"}],"collection":[{"href":"https:\/\/www.kirnapciunal.com\/pl\/wp-json\/wp\/v2\/pages"}],"about":[{"href":"https:\/\/www.kirnapciunal.com\/pl\/wp-json\/wp\/v2\/types\/page"}],"author":[{"embeddable":true,"href":"https:\/\/www.kirnapciunal.com\/pl\/wp-json\/wp\/v2\/users\/1"}],"replies":[{"embeddable":true,"href":"https:\/\/www.kirnapciunal.com\/pl\/wp-json\/wp\/v2\/comments?post=8"}],"version-history":[{"count":15,"href":"https:\/\/www.kirnapciunal.com\/pl\/wp-json\/wp\/v2\/pages\/8\/revisions"}],"predecessor-version":[{"id":160,"href":"https:\/\/www.kirnapciunal.com\/pl\/wp-json\/wp\/v2\/pages\/8\/revisions\/160"}],"wp:attachment":[{"href":"https:\/\/www.kirnapciunal.com\/pl\/wp-json\/wp\/v2\/media?parent=8"}],"curies":[{"name":"wp","href":"https:\/\/api.w.org\/{rel}","templated":true}]}}